{"id":27,"date":"2025-09-25T19:10:12","date_gmt":"2025-09-25T19:10:12","guid":{"rendered":"https:\/\/www.untarotaucottage.com\/?page_id=27"},"modified":"2025-11-14T07:56:51","modified_gmt":"2025-11-14T07:56:51","slug":"seance-de-voyance","status":"publish","type":"page","link":"https:\/\/www.untarotaucottage.com\/index.php\/seance-de-voyance\/","title":{"rendered":"S\u00e9ance de voyance"},"content":{"rendered":"\n<p>Je travaille au service de la lumi\u00e8re et avec le divin. <br>Ce sont des notions qui me sont tr\u00e8s importantes tout autant que le libre arbitre. <br>Dans ma r\u00e9silience de vie, j&rsquo;ai pu rencontrer beaucoup de personnes formidables et j&rsquo;ai pu essayer de nombreuses formes de th\u00e9rapie et de travail personnel. <br>Elles m&rsquo;ont toutes apport\u00e9 \u00e9norm\u00e9ment de connaissances sur moi-m\u00eame, sur le monde et sur les autres. <br>C&rsquo;est pour cela que j&rsquo;ai une approche intuitive, \u00e9nerg\u00e9tique et psychologique. <br>Cela cr\u00e9e un ensemble de perceptions dans mes voyances qui tendent \u00e0 guider, apaiser ou d\u00e9bloquer certaines choses quand elles sont pr\u00eates \u00e0 l&rsquo;\u00eatre, mais surtout quand vous l&rsquo;\u00eates aussi.<br>Pour le moment, je travaille en visio (de pr\u00e9f\u00e9rence), mais j&rsquo;aspire \u00e0 vous recevoir bient\u00f4t dans ma chaumi\u00e8re autour d&rsquo;un bon caf\u00e9 ou d&rsquo;un bon th\u00e9.<\/p>\n\n\n\n<div style=\"height:26px\" aria-hidden=\"true\" class=\"wp-block-spacer\"><\/div>\n\n\n\n<div class=\"wp-block-columns are-vertically-aligned-center is-layout-flex wp-container-core-columns-is-layout-28f84493 wp-block-columns-is-layout-flex\">\n<div class=\"wp-block-column is-vertically-aligned-center is-layout-flow wp-block-column-is-layout-flow\" style=\"flex-basis:23%\">\n<figure class=\"wp-block-image size-large\"><img loading=\"lazy\" decoding=\"async\" width=\"684\" height=\"1024\" src=\"https:\/\/www.untarotaucottage.com\/wp-content\/uploads\/2025\/09\/bougie-1-684x1024.png\" alt=\"\" class=\"wp-image-220\" srcset=\"https:\/\/www.untarotaucottage.com\/wp-content\/uploads\/2025\/09\/bougie-1-684x1024.png 684w, https:\/\/www.untarotaucottage.com\/wp-content\/uploads\/2025\/09\/bougie-1-200x300.png 200w, https:\/\/www.untarotaucottage.com\/wp-content\/uploads\/2025\/09\/bougie-1-768x1150.png 768w, https:\/\/www.untarotaucottage.com\/wp-content\/uploads\/2025\/09\/bougie-1.png 800w\" sizes=\"auto, (max-width: 684px) 100vw, 684px\" \/><\/figure>\n<\/div>\n\n\n\n<div class=\"wp-block-column is-vertically-aligned-center is-layout-flow wp-block-column-is-layout-flow\" style=\"flex-basis:66.66%\">\n<p class=\"has-text-align-left mediump\">S\u00e9ance 1 question (15min) &#8211; 15\u20ac<\/p>\n\n\n\n<p>Vous avez 1 question \u00e0 poser ?<br>Je vous propose 1 consultation de 15 minutes pour y r\u00e9pondre<br><br><a href=\"https:\/\/www.untarotaucottage.com\/index.php\/reservation\/\" data-type=\"page\" data-id=\"61\">Formulaire de r\u00e9servation<\/a><\/p>\n<\/div>\n<\/div>\n\n\n\n<div class=\"wp-block-columns are-vertically-aligned-center is-layout-flex wp-container-core-columns-is-layout-28f84493 wp-block-columns-is-layout-flex\">\n<div class=\"wp-block-column is-vertically-aligned-center is-layout-flow wp-block-column-is-layout-flow\" style=\"flex-basis:23%\">\n<figure class=\"wp-block-image size-large\"><img loading=\"lazy\" decoding=\"async\" width=\"684\" height=\"1024\" src=\"https:\/\/www.untarotaucottage.com\/wp-content\/uploads\/2025\/09\/cartes-saintes-684x1024.png\" alt=\"\" class=\"wp-image-211\" srcset=\"https:\/\/www.untarotaucottage.com\/wp-content\/uploads\/2025\/09\/cartes-saintes-684x1024.png 684w, https:\/\/www.untarotaucottage.com\/wp-content\/uploads\/2025\/09\/cartes-saintes-200x300.png 200w, https:\/\/www.untarotaucottage.com\/wp-content\/uploads\/2025\/09\/cartes-saintes-768x1150.png 768w, https:\/\/www.untarotaucottage.com\/wp-content\/uploads\/2025\/09\/cartes-saintes.png 800w\" sizes=\"auto, (max-width: 684px) 100vw, 684px\" \/><\/figure>\n<\/div>\n\n\n\n<div class=\"wp-block-column is-vertically-aligned-center is-layout-flow wp-block-column-is-layout-flow\" style=\"flex-basis:66.66%\">\n<p class=\"has-text-align-left mediump\">S\u00e9ance d&rsquo;1 heure &#8211; 60\u20ac<\/p>\n\n\n\n<p>Nous ferons soit un jeu global puis des questions, ou je ferais des tirages pour les diff\u00e9rentes questions que vous avez.<br><br>La dur\u00e9e peut d\u00e9passer de quelques minutes.<br><br><a href=\"https:\/\/www.untarotaucottage.com\/index.php\/reservation\/\" data-type=\"page\" data-id=\"61\">Formulaire de r\u00e9servation<\/a><\/p>\n<\/div>\n<\/div>\n\n\n\n<div class=\"wp-block-columns are-vertically-aligned-center is-layout-flex wp-container-core-columns-is-layout-28f84493 wp-block-columns-is-layout-flex\">\n<div class=\"wp-block-column is-vertically-aligned-center is-layout-flow wp-block-column-is-layout-flow\" style=\"flex-basis:23%\">\n<figure class=\"wp-block-image size-large\"><img loading=\"lazy\" decoding=\"async\" width=\"684\" height=\"1024\" src=\"https:\/\/www.untarotaucottage.com\/wp-content\/uploads\/2025\/09\/3bougies-1-684x1024.png\" alt=\"\" class=\"wp-image-222\" srcset=\"https:\/\/www.untarotaucottage.com\/wp-content\/uploads\/2025\/09\/3bougies-1-684x1024.png 684w, https:\/\/www.untarotaucottage.com\/wp-content\/uploads\/2025\/09\/3bougies-1-200x300.png 200w, https:\/\/www.untarotaucottage.com\/wp-content\/uploads\/2025\/09\/3bougies-1-768x1150.png 768w, https:\/\/www.untarotaucottage.com\/wp-content\/uploads\/2025\/09\/3bougies-1.png 800w\" sizes=\"auto, (max-width: 684px) 100vw, 684px\" \/><\/figure>\n<\/div>\n\n\n\n<div class=\"wp-block-column is-vertically-aligned-center is-layout-flow wp-block-column-is-layout-flow\" style=\"flex-basis:66.66%\">\n<p class=\"mediump\">S\u00e9ance approfondie (2 heures) \u2013 100\u20ac<\/p>\n\n\n\n<p>Ce type de s\u00e9ance convient aux consultants qui ont besoin d\u2019\u00e9clairer une probl\u00e9matique complexe, ou qui souhaitent un jeu global et \/ ou de pouvoir prendre le temps de poser toutes vos questions.<br><br>La dur\u00e9e peut d\u00e9passer de quelques minutes.<br><br><a href=\"https:\/\/www.untarotaucottage.com\/index.php\/reservation\/\" data-type=\"page\" data-id=\"61\">Formulaire de r\u00e9servation<\/a><\/p>\n<\/div>\n<\/div>\n\n\n\n<p><\/p>\n","protected":false},"excerpt":{"rendered":"<p>Je travaille au service de la lumi\u00e8re et avec le divin. Ce sont des notions qui me sont tr\u00e8s importantes tout autant que le libre arbitre. Dans ma r\u00e9silience de vie, j&rsquo;ai pu rencontrer beaucoup de personnes formidables et j&rsquo;ai pu essayer de nombreuses formes de th\u00e9rapie et de travail personnel. Elles m&rsquo;ont toutes apport\u00e9 \u00e9norm\u00e9ment de connaissances sur moi-m\u00eame, sur le monde et sur les autres. C&rsquo;est pour cela que j&rsquo;ai une approche intuitive, \u00e9nerg\u00e9tique et psychologique. Cela cr\u00e9e un ensemble de perceptions dans mes voyances qui tendent \u00e0 guider, apaiser ou d\u00e9bloquer certaines choses quand elles sont pr\u00eates \u00e0 l&rsquo;\u00eatre, mais surtout quand vous l&rsquo;\u00eates aussi.Pour le moment, je travaille en visio (de pr\u00e9f\u00e9rence), mais j&rsquo;aspire \u00e0 vous recevoir bient\u00f4t dans ma chaumi\u00e8re autour d&rsquo;un bon caf\u00e9 ou d&rsquo;un bon th\u00e9. S\u00e9ance 1 question (15min) &#8211; 15\u20ac Vous avez 1 question \u00e0 poser ?Je vous propose 1 consultation de 15 minutes pour y r\u00e9pondre Formulaire de r\u00e9servation S\u00e9ance d&rsquo;1 heure &#8211; 60\u20ac Nous ferons soit un jeu global puis des questions, ou je ferais des tirages pour les diff\u00e9rentes questions que vous avez. La dur\u00e9e peut d\u00e9passer de quelques minutes. Formulaire de r\u00e9servation S\u00e9ance approfondie (2 heures) \u2013 100\u20ac Ce type de s\u00e9ance convient aux consultants qui ont besoin d\u2019\u00e9clairer une probl\u00e9matique complexe, ou qui souhaitent un jeu global et \/ ou de pouvoir prendre le temps de poser toutes vos questions. La dur\u00e9e peut d\u00e9passer de quelques minutes. Formulaire de r\u00e9servation<\/p>\n","protected":false},"author":1,"featured_media":0,"parent":0,"menu_order":0,"comment_status":"closed","ping_status":"closed","template":"","meta":{"footnotes":""},"class_list":["post-27","page","type-page","status-publish","hentry"],"_links":{"self":[{"href":"https:\/\/www.untarotaucottage.com\/index.php\/wp-json\/wp\/v2\/pages\/27","targetHints":{"allow":["GET"]}}],"collection":[{"href":"https:\/\/www.untarotaucottage.com\/index.php\/wp-json\/wp\/v2\/pages"}],"about":[{"href":"https:\/\/www.untarotaucottage.com\/index.php\/wp-json\/wp\/v2\/types\/page"}],"author":[{"embeddable":true,"href":"https:\/\/www.untarotaucottage.com\/index.php\/wp-json\/wp\/v2\/users\/1"}],"replies":[{"embeddable":true,"href":"https:\/\/www.untarotaucottage.com\/index.php\/wp-json\/wp\/v2\/comments?post=27"}],"version-history":[{"count":35,"href":"https:\/\/www.untarotaucottage.com\/index.php\/wp-json\/wp\/v2\/pages\/27\/revisions"}],"predecessor-version":[{"id":493,"href":"https:\/\/www.untarotaucottage.com\/index.php\/wp-json\/wp\/v2\/pages\/27\/revisions\/493"}],"wp:attachment":[{"href":"https:\/\/www.untarotaucottage.com\/index.php\/wp-json\/wp\/v2\/media?parent=27"}],"curies":[{"name":"wp","href":"https:\/\/api.w.org\/{rel}","templated":true}]}}