{"id":3,"date":"2025-09-25T17:34:29","date_gmt":"2025-09-25T17:34:29","guid":{"rendered":"http:\/\/untarotaucottage.com\/?page_id=3"},"modified":"2025-11-09T09:49:39","modified_gmt":"2025-11-09T09:49:39","slug":"privacy-policy","status":"publish","type":"page","link":"https:\/\/www.untarotaucottage.com\/index.php\/privacy-policy\/","title":{"rendered":"Mentions l\u00e9gales"},"content":{"rendered":"\n<div class=\"wp-block-columns is-layout-flex wp-container-core-columns-is-layout-28f84493 wp-block-columns-is-layout-flex\">\n<div class=\"wp-block-column is-layout-flow wp-block-column-is-layout-flow\" style=\"flex-basis:25%\"><\/div>\n\n\n\n<div class=\"wp-block-column is-layout-flow wp-block-column-is-layout-flow\" style=\"flex-basis:70%\">\n<h1 class=\"wp-block-heading has-text-align-center has-medium-font-size\">MENTIONS L\u00c9GALES<\/h1>\n\n\n\n<p>UN TAROT AU COTTAGE<br>Le site <a href=\"http:\/\/www.untarotaucottage.com\">www.<u>untarotaucottage.com<\/u><\/a> est d\u00e9tenu et exploit\u00e9 par Julie D. EI.\u200b<\/p>\n\n\n\n<p>Directeur de la publication : Julie D. EI<br><br>Tel. 0675454556<br>Mail. <a href=\"mailto:untarotaucottage@gmail.com\">untarotaucottage@gmail.com<\/a><br><br>SIRET Activit\u00e9 de voyance<br>513 287 607 00057<\/p>\n\n\n\n<p>MENTIONS L\u00c9GALES &#8211; En vigueur au 19\/02\/2023<br>Conform\u00e9ment aux dispositions des Articles 6-III et 19 de la Loi n\u00b02004-575<br>du 21 juin 2004 pour la Confiance dans l\u2019\u00e9conomie num\u00e9rique, dite L.C.E.N., il est<br>port\u00e9 \u00e0 la connaissance des utilisateurs et visiteurs, ci-apr\u00e8s l\u00a0\u00bbUtilisateur\u00a0\u00bb, du site <a href=\"http:\/\/www.untarotaucottage.com\">www.<u>untarotaucottage.com<\/u><\/a>\u200b, ci-apr\u00e8s le \u00ab\u00a0Site\u00a0\u00bb, les pr\u00e9sentes mentions l\u00e9gales.<br>La connexion et la navigation sur le Site par l\u2019Utilisateur implique acceptation<br>int\u00e9grale et sans r\u00e9serve des pr\u00e9sentes mentions l\u00e9gales.<br><br>ARTICLE 1 &#8211; L\u2019\u00c9DITEUR<br>L\u2019\u00e9dition et la direction de la publication du Site est assur\u00e9e par Julie D. EI, et l&rsquo;adresse e-mail <a href=\"mailto:untarotaucottage@gmail.com\">untarotaucottage@gmail.com<\/a>.<\/p>\n\n\n\n<p><br>ARTICLE 2 &#8211; L\u2019H\u00c9BERGEUR<br><strong>OVH<\/strong> RCS Roubaix \u2013 Tourcoing 424 761 419 00045 Code APE 6202A<\/p>\n\n\n\n<p>N\u00b0 TVA : FR 22 424 761 419<\/p>\n\n\n\n<p>Si\u00e8ge social : 2 rue Kellermann &#8211; 59100 Roubaix &#8211; France<br><br>ARTICLE 3 &#8211; ACC\u00c8S AU SITE<br>Le Site est accessible en tout endroit, 7j\/7, 24h\/24 sauf cas de force majeure, interruption programm\u00e9e ou non et pouvant d\u00e9coulant d\u2019une n\u00e9cessit\u00e9 de maintenance. En cas de modification, interruption ou suspension du Site, l\u2019\u00c9diteur ne saurait \u00eatre tenu responsable.<\/p>\n\n\n\n<p><br>ARTICLE 4 &#8211; COLLECTE DES DONN\u00c9ES<br>Le Site assure \u00e0 l&rsquo;Utilisateur une collecte et un traitement d&rsquo;informations personnelles dans le respect de la vie priv\u00e9e conform\u00e9ment \u00e0 la loi n\u00b078-17 du 6 janvier 1978 relative \u00e0 l&rsquo;informatique, aux fichiers et aux libert\u00e9s.<br>En vertu de la loi Informatique et Libert\u00e9s, en date du 6 janvier 1978, l&rsquo;Utilisateur dispose d&rsquo;un droit d&rsquo;acc\u00e8s, de rectification, de suppression et d&rsquo;opposition de ses donn\u00e9es personnelles. L&rsquo;Utilisateur exerce ce droit : par mail \u00e0 l&rsquo;adresse email <a href=\"mailto:untarotaucottage@gmail.com\">untarotaucottage@gmail.com<\/a>. Toute utilisation, reproduction, diffusion, commercialisation, modification de toute ou partie du Site, sans autorisation de l\u2019\u00c9diteur est prohib\u00e9e et pourra entra\u00een\u00e9e des actions et poursuites judiciaires telles que notamment pr\u00e9vues par le Code de la propri\u00e9t\u00e9 intellectuelle et le Code civil.<br>Pour plus d\u2019informations, se reporter aux CGV du site <a href=\"http:\/\/www.untarotaucottage.com\">www.<u>untarotaucottage.com<\/u><\/a>\u200b accessible \u00e0 la rubrique \u00ab\u00a0CGV\u00a0\u00bb.<\/p>\n<\/div>\n\n\n\n<div class=\"wp-block-column is-layout-flow wp-block-column-is-layout-flow\" style=\"flex-basis:25%\"><\/div>\n<\/div>\n","protected":false},"excerpt":{"rendered":"<p>MENTIONS L\u00c9GALES UN TAROT AU COTTAGELe site www.untarotaucottage.com est d\u00e9tenu et exploit\u00e9 par Julie D. EI.\u200b Directeur de la publication : Julie D. EI Tel. 0675454556Mail. untarotaucottage@gmail.com SIRET Activit\u00e9 de voyance513 287 607 00057 MENTIONS L\u00c9GALES &#8211; En vigueur au 19\/02\/2023Conform\u00e9ment aux dispositions des Articles 6-III et 19 de la Loi n\u00b02004-575du 21 juin 2004 pour la Confiance dans l\u2019\u00e9conomie num\u00e9rique, dite L.C.E.N., il estport\u00e9 \u00e0 la connaissance des utilisateurs et visiteurs, ci-apr\u00e8s l\u00a0\u00bbUtilisateur\u00a0\u00bb, du site www.untarotaucottage.com\u200b, ci-apr\u00e8s le \u00ab\u00a0Site\u00a0\u00bb, les pr\u00e9sentes mentions l\u00e9gales.La connexion et la navigation sur le Site par l\u2019Utilisateur implique acceptationint\u00e9grale et sans r\u00e9serve des pr\u00e9sentes mentions l\u00e9gales. ARTICLE 1 &#8211; L\u2019\u00c9DITEURL\u2019\u00e9dition et la direction de la publication du Site est assur\u00e9e par Julie D. EI, et l&rsquo;adresse e-mail untarotaucottage@gmail.com. ARTICLE 2 &#8211; L\u2019H\u00c9BERGEUROVH RCS Roubaix \u2013 Tourcoing 424 761 419 00045 Code APE 6202A N\u00b0 TVA : FR 22 424 761 419 Si\u00e8ge social : 2 rue Kellermann &#8211; 59100 Roubaix &#8211; France ARTICLE 3 &#8211; ACC\u00c8S AU SITELe Site est accessible en tout endroit, 7j\/7, 24h\/24 sauf cas de force majeure, interruption programm\u00e9e ou non et pouvant d\u00e9coulant d\u2019une n\u00e9cessit\u00e9 de maintenance. En cas de modification, interruption ou suspension du Site, l\u2019\u00c9diteur ne saurait \u00eatre tenu responsable. ARTICLE 4 &#8211; COLLECTE DES DONN\u00c9ESLe Site assure \u00e0 l&rsquo;Utilisateur une collecte et un traitement d&rsquo;informations personnelles dans le respect de la vie priv\u00e9e conform\u00e9ment \u00e0 la loi n\u00b078-17 du 6 janvier 1978 relative \u00e0 l&rsquo;informatique, aux fichiers et aux libert\u00e9s.En vertu de la loi Informatique et Libert\u00e9s, en date du 6 janvier 1978, l&rsquo;Utilisateur dispose d&rsquo;un droit d&rsquo;acc\u00e8s, de rectification, de suppression et d&rsquo;opposition de ses donn\u00e9es personnelles. L&rsquo;Utilisateur exerce ce droit : par mail \u00e0 l&rsquo;adresse email untarotaucottage@gmail.com. Toute utilisation, reproduction, diffusion, commercialisation, modification de toute ou partie du Site, sans autorisation de l\u2019\u00c9diteur est prohib\u00e9e et pourra entra\u00een\u00e9e des actions et poursuites judiciaires telles que notamment pr\u00e9vues par le Code de la propri\u00e9t\u00e9 intellectuelle et le Code civil.Pour plus d\u2019informations, se reporter aux CGV du site www.untarotaucottage.com\u200b accessible \u00e0 la rubrique \u00ab\u00a0CGV\u00a0\u00bb.<\/p>\n","protected":false},"author":1,"featured_media":0,"parent":0,"menu_order":0,"comment_status":"closed","ping_status":"open","template":"","meta":{"footnotes":""},"class_list":["post-3","page","type-page","status-publish","hentry"],"_links":{"self":[{"href":"https:\/\/www.untarotaucottage.com\/index.php\/wp-json\/wp\/v2\/pages\/3","targetHints":{"allow":["GET"]}}],"collection":[{"href":"https:\/\/www.untarotaucottage.com\/index.php\/wp-json\/wp\/v2\/pages"}],"about":[{"href":"https:\/\/www.untarotaucottage.com\/index.php\/wp-json\/wp\/v2\/types\/page"}],"author":[{"embeddable":true,"href":"https:\/\/www.untarotaucottage.com\/index.php\/wp-json\/wp\/v2\/users\/1"}],"replies":[{"embeddable":true,"href":"https:\/\/www.untarotaucottage.com\/index.php\/wp-json\/wp\/v2\/comments?post=3"}],"version-history":[{"count":5,"href":"https:\/\/www.untarotaucottage.com\/index.php\/wp-json\/wp\/v2\/pages\/3\/revisions"}],"predecessor-version":[{"id":490,"href":"https:\/\/www.untarotaucottage.com\/index.php\/wp-json\/wp\/v2\/pages\/3\/revisions\/490"}],"wp:attachment":[{"href":"https:\/\/www.untarotaucottage.com\/index.php\/wp-json\/wp\/v2\/media?parent=3"}],"curies":[{"name":"wp","href":"https:\/\/api.w.org\/{rel}","templated":true}]}}