{"id":8,"date":"2025-09-25T17:40:33","date_gmt":"2025-09-25T17:40:33","guid":{"rendered":"http:\/\/untarotaucottage.com\/?page_id=8"},"modified":"2025-11-14T07:53:19","modified_gmt":"2025-11-14T07:53:19","slug":"accueil","status":"publish","type":"page","link":"https:\/\/www.untarotaucottage.com\/","title":{"rendered":"Accueil"},"content":{"rendered":"\n<div class=\"wp-block-columns is-layout-flex wp-container-core-columns-is-layout-28f84493 wp-block-columns-is-layout-flex\">\n<div class=\"wp-block-column is-layout-flow wp-block-column-is-layout-flow\" style=\"flex-basis:66.66%\"><div class=\"wp-block-image is-style-rounded photobio\">\n<figure class=\"aligncenter size-full is-resized\"><img loading=\"lazy\" decoding=\"async\" width=\"500\" height=\"496\" src=\"https:\/\/www.untarotaucottage.com\/wp-content\/uploads\/2025\/09\/Photo-Julie-Ducre-Cartomancienne-voyance-divination-untarot-au-cottage.png\" alt=\"\" class=\"wp-image-15\" style=\"object-fit:cover;width:300px;height:400px\" srcset=\"https:\/\/www.untarotaucottage.com\/wp-content\/uploads\/2025\/09\/Photo-Julie-Ducre-Cartomancienne-voyance-divination-untarot-au-cottage.png 500w, https:\/\/www.untarotaucottage.com\/wp-content\/uploads\/2025\/09\/Photo-Julie-Ducre-Cartomancienne-voyance-divination-untarot-au-cottage-300x298.png 300w, https:\/\/www.untarotaucottage.com\/wp-content\/uploads\/2025\/09\/Photo-Julie-Ducre-Cartomancienne-voyance-divination-untarot-au-cottage-150x150.png 150w, https:\/\/www.untarotaucottage.com\/wp-content\/uploads\/2025\/09\/Photo-Julie-Ducre-Cartomancienne-voyance-divination-untarot-au-cottage-75x75.png 75w\" sizes=\"auto, (max-width: 500px) 100vw, 500px\" \/><\/figure>\n<\/div><\/div>\n\n\n\n<div class=\"wp-block-column is-vertically-aligned-center is-layout-flow wp-block-column-is-layout-flow\" style=\"flex-basis:75%\">\n<h2 class=\"wp-block-heading\">Qui suis-je<\/h2>\n\n\n\n<p class=\"has-text-align-left\">Je me pr\u00e9nomme Julie, je suis fille de cartomancienne et je suis devenue tr\u00e8s t\u00f4t cartomancienne moi-m\u00eame. <br>J&rsquo;ai \u00e9t\u00e9 immerg\u00e9e d\u00e8s mon plus jeune \u00e2ge \u00e0 la pratique du Tarot, de l&rsquo;oracle Belline, du Yi King, des runes, et de tout autre support ancestral, sage, enseignant.<br>J&rsquo;ai commenc\u00e9 d&rsquo;abord par passion et plaisir, puis avec le temps j&rsquo;ai approfondi mes connaissances. <br>Au travers de mes propres \u00e9preuves de vie, mon don d&rsquo;acuit\u00e9 s&rsquo;est d\u00e9velopp\u00e9 puis impos\u00e9 pour \u00e9clairer et guider celles et ceux qui sont dans l&rsquo;interrogation ou \u00e0 des carrefours de leur existence.<br>La voyance est un outil puissant mais o\u00f9 r\u00e9sident toujours le libre arbitre du consultant ainsi que la responsabilit\u00e9 de ses choix et de sa vie.<br>Aussi, je suis l\u00e0 pour vous apporter les \u00e9clairages ext\u00e9rieurs et int\u00e9rieurs n\u00e9cessaires, mais vous gardez toujours le pouvoir sur votre vie et vos ressentis.<\/p>\n<\/div>\n<\/div>\n\n\n\n<div style=\"height:26px\" aria-hidden=\"true\" class=\"wp-block-spacer\"><\/div>\n\n\n\n<p class=\"has-text-align-center mediump mediumpmobile has-medium-font-size\">Mes services<\/p>\n\n\n\n<div style=\"height:21px\" aria-hidden=\"true\" class=\"wp-block-spacer\"><\/div>\n\n\n\n<div class=\"wp-block-columns is-layout-flex wp-container-core-columns-is-layout-28f84493 wp-block-columns-is-layout-flex\">\n<div class=\"wp-block-column is-layout-flow wp-block-column-is-layout-flow\">\n<div class=\"wp-block-media-text is-stacked-on-mobile\"><figure class=\"wp-block-media-text__media\"><a href=\"https:\/\/www.untarotaucottage.com\/index.php\/seance-de-voyance\/\"><img loading=\"lazy\" decoding=\"async\" width=\"800\" height=\"800\" src=\"https:\/\/www.untarotaucottage.com\/wp-content\/uploads\/2025\/09\/bryan-dijkhuizen-BBBzoh2IDzMI-unsplash.png\" alt=\"\" class=\"wp-image-193 size-full\" srcset=\"https:\/\/www.untarotaucottage.com\/wp-content\/uploads\/2025\/09\/bryan-dijkhuizen-BBBzoh2IDzMI-unsplash.png 800w, https:\/\/www.untarotaucottage.com\/wp-content\/uploads\/2025\/09\/bryan-dijkhuizen-BBBzoh2IDzMI-unsplash-300x300.png 300w, https:\/\/www.untarotaucottage.com\/wp-content\/uploads\/2025\/09\/bryan-dijkhuizen-BBBzoh2IDzMI-unsplash-150x150.png 150w, https:\/\/www.untarotaucottage.com\/wp-content\/uploads\/2025\/09\/bryan-dijkhuizen-BBBzoh2IDzMI-unsplash-768x768.png 768w, https:\/\/www.untarotaucottage.com\/wp-content\/uploads\/2025\/09\/bryan-dijkhuizen-BBBzoh2IDzMI-unsplash-75x75.png 75w\" sizes=\"auto, (max-width: 800px) 100vw, 800px\" \/><\/a><\/figure><div class=\"wp-block-media-text__content\">\n<p class=\"mediump2\">S\u00e9ance 1 question (15min) 15\u20ac<\/p>\n<\/div><\/div>\n<\/div>\n\n\n\n<div class=\"wp-block-column is-layout-flow wp-block-column-is-layout-flow\">\n<div class=\"wp-block-media-text is-stacked-on-mobile\"><figure class=\"wp-block-media-text__media\"><a href=\"https:\/\/www.untarotaucottage.com\/index.php\/seance-de-voyance\/\"><img loading=\"lazy\" decoding=\"async\" width=\"800\" height=\"800\" src=\"https:\/\/www.untarotaucottage.com\/wp-content\/uploads\/2025\/09\/ethiopian-opal.png\" alt=\"\" class=\"wp-image-195 size-full\" srcset=\"https:\/\/www.untarotaucottage.com\/wp-content\/uploads\/2025\/09\/ethiopian-opal.png 800w, https:\/\/www.untarotaucottage.com\/wp-content\/uploads\/2025\/09\/ethiopian-opal-300x300.png 300w, https:\/\/www.untarotaucottage.com\/wp-content\/uploads\/2025\/09\/ethiopian-opal-150x150.png 150w, https:\/\/www.untarotaucottage.com\/wp-content\/uploads\/2025\/09\/ethiopian-opal-768x768.png 768w, https:\/\/www.untarotaucottage.com\/wp-content\/uploads\/2025\/09\/ethiopian-opal-75x75.png 75w\" sizes=\"auto, (max-width: 800px) 100vw, 800px\" \/><\/a><\/figure><div class=\"wp-block-media-text__content\">\n<p class=\"mediump2\">S\u00e9ance (1h) 60\u20ac<\/p>\n<\/div><\/div>\n<\/div>\n\n\n\n<div class=\"wp-block-column is-layout-flow wp-block-column-is-layout-flow\">\n<div class=\"wp-block-media-text is-stacked-on-mobile\"><figure class=\"wp-block-media-text__media\"><a href=\"https:\/\/www.untarotaucottage.com\/index.php\/seance-de-voyance\/\"><img loading=\"lazy\" decoding=\"async\" width=\"424\" height=\"424\" src=\"https:\/\/www.untarotaucottage.com\/wp-content\/uploads\/2025\/09\/vg.png\" alt=\"\" class=\"wp-image-196 size-full\" srcset=\"https:\/\/www.untarotaucottage.com\/wp-content\/uploads\/2025\/09\/vg.png 424w, https:\/\/www.untarotaucottage.com\/wp-content\/uploads\/2025\/09\/vg-300x300.png 300w, https:\/\/www.untarotaucottage.com\/wp-content\/uploads\/2025\/09\/vg-150x150.png 150w, https:\/\/www.untarotaucottage.com\/wp-content\/uploads\/2025\/09\/vg-75x75.png 75w\" sizes=\"auto, (max-width: 424px) 100vw, 424px\" \/><\/a><\/figure><div class=\"wp-block-media-text__content\">\n<p class=\"mediump2\">S\u00e9ance approfondie (2h) 100\u20ac<\/p>\n<\/div><\/div>\n<\/div>\n<\/div>\n\n\n\n<div style=\"height:15px\" aria-hidden=\"true\" class=\"wp-block-spacer\"><\/div>\n\n\n\n<div class=\"wp-block-columns is-not-stacked-on-mobile is-layout-flex wp-container-core-columns-is-layout-28f84493 wp-block-columns-is-layout-flex\">\n<div class=\"wp-block-column is-layout-flow wp-block-column-is-layout-flow\" style=\"flex-basis:25%\"><\/div>\n\n\n\n<div class=\"wp-block-column is-layout-flow wp-block-column-is-layout-flow\" style=\"flex-basis:50%\"><div class=\"wp-block-image trustindex\">\n<figure class=\"aligncenter size-full is-resized\"><a href=\"https:\/\/share.google\/cqocJMPqoW3CpdVnM\"><img loading=\"lazy\" decoding=\"async\" width=\"306\" height=\"165\" src=\"https:\/\/www.untarotaucottage.com\/wp-content\/uploads\/2025\/09\/Screenshot-2025-09-29-at-14-40-42-images-Image-PNG-306-\u00d7-165-pixels.png\" alt=\"\" class=\"wp-image-475\" style=\"width:215px\" srcset=\"https:\/\/www.untarotaucottage.com\/wp-content\/uploads\/2025\/09\/Screenshot-2025-09-29-at-14-40-42-images-Image-PNG-306-\u00d7-165-pixels.png 306w, https:\/\/www.untarotaucottage.com\/wp-content\/uploads\/2025\/09\/Screenshot-2025-09-29-at-14-40-42-images-Image-PNG-306-\u00d7-165-pixels-300x162.png 300w\" sizes=\"auto, (max-width: 306px) 100vw, 306px\" \/><\/a><\/figure>\n<\/div><\/div>\n\n\n\n<div class=\"wp-block-column is-layout-flow wp-block-column-is-layout-flow\" style=\"flex-basis:25%\"><\/div>\n<\/div>\n\n\n\n<p><\/p>\n","protected":false},"excerpt":{"rendered":"<p>Qui suis-je Je me pr\u00e9nomme Julie, je suis fille de cartomancienne et je suis devenue tr\u00e8s t\u00f4t cartomancienne moi-m\u00eame. J&rsquo;ai \u00e9t\u00e9 immerg\u00e9e d\u00e8s mon plus jeune \u00e2ge \u00e0 la pratique du Tarot, de l&rsquo;oracle Belline, du Yi King, des runes, et de tout autre support ancestral, sage, enseignant.J&rsquo;ai commenc\u00e9 d&rsquo;abord par passion et plaisir, puis avec le temps j&rsquo;ai approfondi mes connaissances. Au travers de mes propres \u00e9preuves de vie, mon don d&rsquo;acuit\u00e9 s&rsquo;est d\u00e9velopp\u00e9 puis impos\u00e9 pour \u00e9clairer et guider celles et ceux qui sont dans l&rsquo;interrogation ou \u00e0 des carrefours de leur existence.La voyance est un outil puissant mais o\u00f9 r\u00e9sident toujours le libre arbitre du consultant ainsi que la responsabilit\u00e9 de ses choix et de sa vie.Aussi, je suis l\u00e0 pour vous apporter les \u00e9clairages ext\u00e9rieurs et int\u00e9rieurs n\u00e9cessaires, mais vous gardez toujours le pouvoir sur votre vie et vos ressentis. Mes services S\u00e9ance 1 question (15min) 15\u20ac S\u00e9ance (1h) 60\u20ac S\u00e9ance approfondie (2h) 100\u20ac<\/p>\n","protected":false},"author":1,"featured_media":0,"parent":0,"menu_order":0,"comment_status":"closed","ping_status":"closed","template":"","meta":{"footnotes":""},"class_list":["post-8","page","type-page","status-publish","hentry"],"_links":{"self":[{"href":"https:\/\/www.untarotaucottage.com\/index.php\/wp-json\/wp\/v2\/pages\/8","targetHints":{"allow":["GET"]}}],"collection":[{"href":"https:\/\/www.untarotaucottage.com\/index.php\/wp-json\/wp\/v2\/pages"}],"about":[{"href":"https:\/\/www.untarotaucottage.com\/index.php\/wp-json\/wp\/v2\/types\/page"}],"author":[{"embeddable":true,"href":"https:\/\/www.untarotaucottage.com\/index.php\/wp-json\/wp\/v2\/users\/1"}],"replies":[{"embeddable":true,"href":"https:\/\/www.untarotaucottage.com\/index.php\/wp-json\/wp\/v2\/comments?post=8"}],"version-history":[{"count":62,"href":"https:\/\/www.untarotaucottage.com\/index.php\/wp-json\/wp\/v2\/pages\/8\/revisions"}],"predecessor-version":[{"id":491,"href":"https:\/\/www.untarotaucottage.com\/index.php\/wp-json\/wp\/v2\/pages\/8\/revisions\/491"}],"wp:attachment":[{"href":"https:\/\/www.untarotaucottage.com\/index.php\/wp-json\/wp\/v2\/media?parent=8"}],"curies":[{"name":"wp","href":"https:\/\/api.w.org\/{rel}","templated":true}]}}